{"id":29,"date":"2024-05-13T17:19:13","date_gmt":"2024-05-13T15:19:13","guid":{"rendered":"https:\/\/chambre-amoureux.com\/?page_id=29"},"modified":"2024-05-13T17:19:13","modified_gmt":"2024-05-13T15:19:13","slug":"chambres-damoureux-dans-en-ile-de-france","status":"publish","type":"page","link":"https:\/\/chambre-amoureux.com\/chambres-damoureux-dans-en-ile-de-france\/","title":{"rendered":"Chambres d&rsquo;amoureux dans en Ile de France"},"content":{"rendered":"\n<div class=\"wp-block-cover alignfull is-light\" style=\"min-height:75vh;aspect-ratio:unset;\"><span aria-hidden=\"true\" class=\"wp-block-cover__background has-background-dim-0 has-background-dim\"><\/span><img decoding=\"async\" class=\"wp-block-cover__image-background wp-image-11\" alt=\"\" src=\"https:\/\/attardemo.files.wordpress.com\/2022\/02\/pexels-karolina-grabowska-4041392.jpg\" style=\"object-position:0% 50%\" data-object-fit=\"cover\" data-object-position=\"0% 50%\"\/><div class=\"wp-block-cover__inner-container is-layout-flow wp-block-cover-is-layout-flow\">\n<div class=\"wp-block-jetpack-layout-grid alignfull column1-desktop-grid__span-4 column1-desktop-grid__start-2 column1-desktop-grid__row-1 column1-tablet-grid__span-4 column1-tablet-grid__row-1 column1-mobile-grid__span-4 column1-mobile-grid__row-1\">\n<div class=\"wp-block-jetpack-layout-grid-column wp-block-jetpack-layout-grid__padding-none\">\n<h2 class=\"wp-block-heading\" id=\"100-pure-roseessential-oil\" style=\"font-size:48px;font-style:normal;font-weight:500\"><a href=\"https:\/\/lovechambre.com\/decouvrez-les-meilleures-love-rooms-en-ile-de-france-des-endroits-romantiques-pour-tous-les-amoureux\/\">Love Room Ile De France<\/a><\/h2>\n\n\n\n<div class=\"wp-block-buttons is-layout-flex wp-block-buttons-is-layout-flex\">\n<div class=\"wp-block-button has-custom-width wp-block-button__width-100 is-style-outline is-style-outline--1\"><a class=\"wp-block-button__link wp-element-button\" href=\"https:\/\/lovechambre.com\/decouvrez-les-meilleures-love-rooms-en-ile-de-france-des-endroits-romantiques-pour-tous-les-amoureux\/\" style=\"border-radius:0px\">La carte des LOVE ROOM<\/a><\/div>\n<\/div>\n<\/div>\n<\/div>\n<\/div><\/div>\n\n\n\n<hr class=\"wp-block-separator has-text-color has-css-opacity has-background alignfull is-style-wide\" style=\"background-color:#e5e5e5;color:#e5e5e5\"\/>\n\n\n\n<p>Chambre amoureux s&rsquo;est associ\u00e9 au site <a href=\"https:\/\/lovechambre.com\/decouvrez-les-meilleures-love-rooms-en-ile-de-france-des-endroits-romantiques-pour-tous-les-amoureux\/\">lovechambre.com<\/a> pour une meilleure information, \u00e0 tout de suite sur lovechambre<\/p>\n\n\n\n<hr class=\"wp-block-separator has-text-color has-css-opacity has-background alignfull is-style-wide\" style=\"background-color:#e5e5e5;color:#e5e5e5\"\/>\n\n\n\n<div class=\"wp-block-group is-layout-flow wp-block-group-is-layout-flow\" style=\"padding-top:6vh;padding-bottom:6vh\">\n<h2 class=\"wp-block-heading has-text-align-center has-large-font-size\" id=\"my-all-time-favourite-scent-it-smells-divine-and-lasts-all-day-a-true-and-beautiful-rose-fragrance\" style=\"line-height:1.5\"><em>LOVE ROOMS En ILE DE FRANCE<\/em><\/h2>\n\n\n\n<figure class=\"wp-block-image size-large\"><img decoding=\"async\" src=\"https:\/\/chambreamoureux.files.wordpress.com\/2023\/03\/love-romm-bretagne.jpg?w=387\" alt=\"\" class=\"wp-image-19\"\/><\/figure>\n\n\n\n<p>L&rsquo;\u00cele-de-France est une r\u00e9gion situ\u00e9e dans le centre-nord de la France, comprenant notamment Paris, la capitale du pays. C&rsquo;est la r\u00e9gion la plus peupl\u00e9e de France et elle est connue pour ses monuments historiques, sa gastronomie, son art de vivre, ainsi que pour son dynamisme \u00e9conomique.<\/p>\n\n\n\n<h2 class=\"wp-block-heading\">La premi\u00e8re chambre d&rsquo;amour\/ LoveROOM cr\u00e9e en Ile De France?<\/h2>\n\n\n\n<p>Une chambre d&rsquo;amour ou LoveROOM est un type de chambre d&rsquo;h\u00f4tel sp\u00e9cialement con\u00e7u pour les couples souhaitant passer une soir\u00e9e romantique et intime ensemble. Ces chambres sont souvent \u00e9quip\u00e9es de divers accessoires tels que des miroirs au plafond, des jeux de lumi\u00e8res, des jacuzzis, etc.<\/p>\n\n\n\n<p>Il n&rsquo;y a pas de r\u00e9ponse pr\u00e9cise sur l&#8217;emplacement de la premi\u00e8re LoveROOM en \u00cele-de-France, car cela d\u00e9pend de la d\u00e9finition de ce type de chambre. Cependant, les LoveH\u00f4tels, qui sont des h\u00f4tels proposant des chambres d&rsquo;amour, sont apparus au Japon dans les ann\u00e9es 1960 et se sont av\u00e9r\u00e9s dans le monde entier par la suite, y compris en France. La premi\u00e8re LoveROOM en \u00cele-de-France aurait pu \u00eatre cr\u00e9\u00e9e \u00e0 cette \u00e9poque ou plus tard.<\/p>\n\n\n\n<h2 class=\"wp-block-heading\">O\u00f9 trouver des loverooms en Ile de France ?<\/h2>\n\n\n\n<p>Ah l&rsquo;Ile de France ! La r\u00e9gion romantique par excellence ! Et quoi de mieux pour pimenter votre vie amoureuse qu&rsquo;une nuit dans une love room ? Voici une s\u00e9lection des meilleures love rooms en \u00cele de France pour des moments inoubliables avec votre partenaire.<\/p>\n\n\n\n<ol class=\"wp-block-list\">\n<li>La Love Suite Situ\u00e9e en plein c\u0153ur de Paris, la Love Suite offre une vue imprenable sur la ville lumi\u00e8re. Vous pourrez profiter d&rsquo;une d\u00e9coration luxueuse et romantique, ainsi que de nombreux \u00e9quipements tels qu&rsquo;un jacuzzi et une douche \u00e0 l&rsquo;italienne. Cette love room est parfaite pour une escapade romantique dans la capitale.<\/li>\n\n\n\n<li>Le Love H\u00f4tel Situ\u00e9 dans le d\u00e9partement des Hauts-de-Seine, Le Love H\u00f4tel est un \u00e9tablissement de charme qui propose des chambres \u00e9l\u00e9gantes et confortables. Vous pourrez profiter d&rsquo;un large choix de th\u00e8mes et de d\u00e9cors, allant de l&rsquo;exotique au glamour en passant par le romantique. Le Love H\u00f4tel est l&rsquo;endroit id\u00e9al pour une soir\u00e9e en amoureux.<\/li>\n\n\n\n<li>Le Cupidon Situ\u00e9 \u00e0 quelques pas de la Tour Eiffel, Le Cupidon est une love room \u00e9l\u00e9gante et raffin\u00e9e. Vous pourrez profiter d&rsquo;un d\u00e9cor romantique et d&rsquo;un large choix d&rsquo;\u00e9quipements, notamment un lit rond, un jacuzzi et une douche \u00e0 l&rsquo;italienne. Cette love room est id\u00e9ale pour une soir\u00e9e inoubliable avec votre partenaire.<\/li>\n\n\n\n<li>La Chambre Romantique Situ\u00e9e dans le d\u00e9partement de Seine-et-Marne, La Chambre Romantique est une chambre d&rsquo;amour qui offre un cadre id\u00e9al pour une escapade romantique. Vous pourrez profiter d&rsquo;une d\u00e9coration \u00e9l\u00e9gante et d&rsquo;un jacuzzi priv\u00e9 pour des moments de d\u00e9tente et de complicit\u00e9 avec votre partenaire.<\/li>\n\n\n\n<li>Le Love Room Situ\u00e9 dans le d\u00e9partement du Val-d&rsquo;Oise, Le Love Room est un \u00e9tablissement moderne et \u00e9l\u00e9gant qui propose des chambres de charme pour des moments inoubliables. Vous pourrez profiter d&rsquo;une d\u00e9coration soign\u00e9e et d&rsquo;un large choix d&rsquo;\u00e9quipements, notamment un jacuzzi, une douche \u00e0 l&rsquo;italienne et une chemin\u00e9e pour une ambiance intimiste.<\/li>\n<\/ol>\n\n\n\n<p>Alors, n&rsquo;h\u00e9sitez plus et r\u00e9servez d\u00e8s maintenant une love room en \u00cele de France pour une soir\u00e9e romantique inoubliable avec votre partenaire !<\/p>\n<\/div>\n\n\n\n<h2 class=\"wp-block-heading\">Les LOVEROOMS En Ile De France a r\u00e9server sur Booking<\/h2>\n\n\n\n<ol class=\"wp-block-list\">\n<li>Allez sur le site web de Booking ( <a href=\"https:\/\/www.booking.com\/?aid=2329976\">www.booking.com<\/a> ).<\/li>\n\n\n\n<li>Entrez \u00ab\u00a0\u00cele-de-France\u00a0\u00bb dans la barre de recherche et s\u00e9lectionnez \u00ab\u00a0H\u00f4tels\u00a0\u00bb comme type d&rsquo;h\u00e9bergement.<\/li>\n\n\n\n<li>Ajoutez \u00ab\u00a0chambre d&rsquo;amour\u00a0\u00bb ou \u00ab\u00a0love room\u00a0\u00bb comme mot-cl\u00e9 dans la barre de recherche pour filtrer les r\u00e9sultats.<\/li>\n\n\n\n<li>Vous pouvez \u00e9galement utiliser les filtres pour affiner vos r\u00e9sultats, tels que le prix, l&#8217;emplacement et les \u00e9quipements.<\/li>\n\n\n\n<li>S\u00e9lectionnez une chambre d&rsquo;amour qui correspond \u00e0 vos crit\u00e8res et suivez les \u00e9tapes pour r\u00e9server.<\/li>\n<\/ol>\n\n\n\n<p>N&rsquo;oubliez pas de v\u00e9rifier les politiques de r\u00e9servation et d&rsquo;annulation de chaque h\u00e9bergement avant de r\u00e9server.<\/p>\n\n\n\n<div class=\"wp-block-group is-layout-flow wp-block-group-is-layout-flow\" style=\"padding-top:6vh;padding-bottom:6vh\">\n<p><\/p>\n\n\n\n<p>.<\/p>\n\n\n\n<p><\/p>\n\n\n\n<p><\/p>\n<\/div>\n\n\n\n<div class=\"inherit-container-width wp-block-group alignfull has-background-color has-foreground-background-color has-text-color has-background has-link-color wp-elements-28893bad82fb393f119b795493a14428 is-layout-constrained wp-block-group-is-layout-constrained\" style=\"padding-top:6vh;padding-bottom:6vh\">\n<div class=\"wp-block-jetpack-layout-grid alignfull column1-desktop-grid__span-5 column1-desktop-grid__start-2 column1-desktop-grid__row-1 column2-desktop-grid__span-2 column2-desktop-grid__start-8 column2-desktop-grid__row-1 column3-desktop-grid__span-2 column3-desktop-grid__start-10 column3-desktop-grid__row-1 column1-tablet-grid__span-4 column1-tablet-grid__row-1 column2-tablet-grid__span-2 column2-tablet-grid__start-5 column2-tablet-grid__row-1 column3-tablet-grid__span-2 column3-tablet-grid__start-7 column3-tablet-grid__row-1 column1-mobile-grid__span-4 column1-mobile-grid__row-1 column2-mobile-grid__span-4 column2-mobile-grid__row-2 column3-mobile-grid__span-4 column3-mobile-grid__row-3 wp-block-jetpack-layout-gutter__medium\">\n\n<div class=\"wp-block-jetpack-layout-grid-column wp-block-jetpack-layout-grid__padding-none\">\n\n<h5 class=\"wp-block-heading\" id=\"join-the-mailing-list\"><strong>Abonnez vous<\/strong><\/h5>\n\n\n<p class=\"has-small-font-size\">Pour recevoir en cadeau notre ebook<\/p>\n\n\n<\/div>\n\n\n<div class=\"wp-block-jetpack-layout-grid-column wp-block-jetpack-layout-grid__padding-none\">\n\n<h5 class=\"wp-block-heading\" id=\"the-small-print\"><strong>Retrouve nous<\/strong><\/h5>\n\n\n<p class=\"has-small-font-size\"><a href=\"#\">D<\/a><\/p>\n\n\n<p class=\"has-small-font-size\"><a href=\"#\">R<\/a><\/p>\n\n\n<p class=\"has-small-font-size\"><a href=\"#\">FAQ<\/a><\/p>\n\n<\/div>\n\n\n<div class=\"wp-block-jetpack-layout-grid-column wp-block-jetpack-layout-grid__padding-none\">\n\n<h5 class=\"wp-block-heading\" id=\"social-media\"><strong>Social Media<\/strong><\/h5>\n\n\n<p class=\"has-background-color has-text-color has-small-font-size\"><a href=\"#\">Facebook<\/a><\/p>\n\n\n<p class=\"has-small-font-size\"><a href=\"#\">Instagram<\/a><\/p>\n\n\n<p class=\"has-small-font-size\"><a href=\"#\">Pinterest<\/a><\/p>\n\n<\/div>\n\n<\/div>\n<\/div>\n","protected":false},"excerpt":{"rendered":"<p>Chambre amoureux s&rsquo;est associ\u00e9 au site lovechambre.com pour une meilleure information, \u00e0 tout de suite sur lovechambre LOVE ROOMS En [&hellip;]<\/p>\n","protected":false},"author":1,"featured_media":0,"parent":0,"menu_order":0,"comment_status":"closed","ping_status":"closed","template":"","meta":{"site-sidebar-layout":"default","site-content-layout":"","ast-site-content-layout":"","site-content-style":"default","site-sidebar-style":"default","ast-global-header-display":"","ast-banner-title-visibility":"","ast-main-header-display":"","ast-hfb-above-header-display":"","ast-hfb-below-header-display":"","ast-hfb-mobile-header-display":"","site-post-title":"","ast-breadcrumbs-content":"","ast-featured-img":"","footer-sml-layout":"","theme-transparent-header-meta":"","adv-header-id-meta":"","stick-header-meta":"","header-above-stick-meta":"","header-main-stick-meta":"","header-below-stick-meta":"","astra-migrate-meta-layouts":"default","ast-page-background-enabled":"default","ast-page-background-meta":{"desktop":{"background-color":"var(--ast-global-color-4)","background-image":"","background-repeat":"repeat","background-position":"center center","background-size":"auto","background-attachment":"scroll","background-type":"","background-media":"","overlay-type":"","overlay-color":"","overlay-gradient":""},"tablet":{"background-color":"","background-image":"","background-repeat":"repeat","background-position":"center center","background-size":"auto","background-attachment":"scroll","background-type":"","background-media":"","overlay-type":"","overlay-color":"","overlay-gradient":""},"mobile":{"background-color":"","background-image":"","background-repeat":"repeat","background-position":"center center","background-size":"auto","background-attachment":"scroll","background-type":"","background-media":"","overlay-type":"","overlay-color":"","overlay-gradient":""}},"ast-content-background-meta":{"desktop":{"background-color":"var(--ast-global-color-5)","background-image":"","background-repeat":"repeat","background-position":"center center","background-size":"auto","background-attachment":"scroll","background-type":"","background-media":"","overlay-type":"","overlay-color":"","overlay-gradient":""},"tablet":{"background-color":"var(--ast-global-color-5)","background-image":"","background-repeat":"repeat","background-position":"center center","background-size":"auto","background-attachment":"scroll","background-type":"","background-media":"","overlay-type":"","overlay-color":"","overlay-gradient":""},"mobile":{"background-color":"var(--ast-global-color-5)","background-image":"","background-repeat":"repeat","background-position":"center center","background-size":"auto","background-attachment":"scroll","background-type":"","background-media":"","overlay-type":"","overlay-color":"","overlay-gradient":""}},"footnotes":""},"class_list":["post-29","page","type-page","status-publish","hentry"],"yoast_head":"<!-- This site is optimized with the Yoast SEO plugin v26.1.1 - https:\/\/yoast.com\/wordpress\/plugins\/seo\/ -->\n<title>Chambres d&#039;amoureux dans en Ile de France -<\/title>\n<meta name=\"robots\" content=\"index, follow, max-snippet:-1, max-image-preview:large, max-video-preview:-1\" \/>\n<link rel=\"canonical\" href=\"https:\/\/chambre-amoureux.com\/chambres-damoureux-dans-en-ile-de-france\/\" \/>\n<meta property=\"og:locale\" content=\"fr_FR\" \/>\n<meta property=\"og:type\" content=\"article\" \/>\n<meta property=\"og:title\" content=\"Chambres d&#039;amoureux dans en Ile de France -\" \/>\n<meta property=\"og:description\" content=\"Chambre amoureux s&rsquo;est associ\u00e9 au site lovechambre.com pour une meilleure information, \u00e0 tout de suite sur lovechambre LOVE ROOMS En [&hellip;]\" \/>\n<meta property=\"og:url\" content=\"https:\/\/chambre-amoureux.com\/chambres-damoureux-dans-en-ile-de-france\/\" \/>\n<meta property=\"og:image\" content=\"https:\/\/chambre-amoureux.com\/wp-content\/uploads\/2024\/03\/TamarInn-10.jpg\" \/>\n\t<meta property=\"og:image:width\" content=\"1199\" \/>\n\t<meta property=\"og:image:height\" content=\"900\" \/>\n\t<meta property=\"og:image:type\" content=\"image\/jpeg\" \/>\n<meta name=\"twitter:card\" content=\"summary_large_image\" \/>\n<meta name=\"twitter:label1\" content=\"Dur\u00e9e de lecture estim\u00e9e\" \/>\n\t<meta name=\"twitter:data1\" content=\"4 minutes\" \/>\n<script type=\"application\/ld+json\" class=\"yoast-schema-graph\">{\"@context\":\"https:\/\/schema.org\",\"@graph\":[{\"@type\":\"WebPage\",\"@id\":\"https:\/\/chambre-amoureux.com\/chambres-damoureux-dans-en-ile-de-france\/\",\"url\":\"https:\/\/chambre-amoureux.com\/chambres-damoureux-dans-en-ile-de-france\/\",\"name\":\"Chambres d'amoureux dans en Ile de France -\",\"isPartOf\":{\"@id\":\"https:\/\/chambre-amoureux.com\/#website\"},\"primaryImageOfPage\":{\"@id\":\"https:\/\/chambre-amoureux.com\/chambres-damoureux-dans-en-ile-de-france\/#primaryimage\"},\"image\":{\"@id\":\"https:\/\/chambre-amoureux.com\/chambres-damoureux-dans-en-ile-de-france\/#primaryimage\"},\"thumbnailUrl\":\"https:\/\/attardemo.files.wordpress.com\/2022\/02\/pexels-karolina-grabowska-4041392.jpg\",\"datePublished\":\"2024-05-13T15:19:13+00:00\",\"breadcrumb\":{\"@id\":\"https:\/\/chambre-amoureux.com\/chambres-damoureux-dans-en-ile-de-france\/#breadcrumb\"},\"inLanguage\":\"fr-FR\",\"potentialAction\":[{\"@type\":\"ReadAction\",\"target\":[\"https:\/\/chambre-amoureux.com\/chambres-damoureux-dans-en-ile-de-france\/\"]}]},{\"@type\":\"ImageObject\",\"inLanguage\":\"fr-FR\",\"@id\":\"https:\/\/chambre-amoureux.com\/chambres-damoureux-dans-en-ile-de-france\/#primaryimage\",\"url\":\"https:\/\/attardemo.files.wordpress.com\/2022\/02\/pexels-karolina-grabowska-4041392.jpg\",\"contentUrl\":\"https:\/\/attardemo.files.wordpress.com\/2022\/02\/pexels-karolina-grabowska-4041392.jpg\"},{\"@type\":\"BreadcrumbList\",\"@id\":\"https:\/\/chambre-amoureux.com\/chambres-damoureux-dans-en-ile-de-france\/#breadcrumb\",\"itemListElement\":[{\"@type\":\"ListItem\",\"position\":1,\"name\":\"Home\",\"item\":\"https:\/\/chambre-amoureux.com\/\"},{\"@type\":\"ListItem\",\"position\":2,\"name\":\"Chambres d&rsquo;amoureux dans en Ile de France\"}]},{\"@type\":\"WebSite\",\"@id\":\"https:\/\/chambre-amoureux.com\/#website\",\"url\":\"https:\/\/chambre-amoureux.com\/\",\"name\":\"Chambre Amoureux\",\"description\":\"Tout pour votre chambre d&#039;amour\",\"publisher\":{\"@id\":\"https:\/\/chambre-amoureux.com\/#organization\"},\"potentialAction\":[{\"@type\":\"SearchAction\",\"target\":{\"@type\":\"EntryPoint\",\"urlTemplate\":\"https:\/\/chambre-amoureux.com\/?s={search_term_string}\"},\"query-input\":{\"@type\":\"PropertyValueSpecification\",\"valueRequired\":true,\"valueName\":\"search_term_string\"}}],\"inLanguage\":\"fr-FR\"},{\"@type\":\"Organization\",\"@id\":\"https:\/\/chambre-amoureux.com\/#organization\",\"name\":\"Chambre Amoureux\",\"url\":\"https:\/\/chambre-amoureux.com\/\",\"logo\":{\"@type\":\"ImageObject\",\"inLanguage\":\"fr-FR\",\"@id\":\"https:\/\/chambre-amoureux.com\/#\/schema\/logo\/image\/\",\"url\":\"https:\/\/chambre-amoureux.com\/wp-content\/uploads\/2025\/10\/cropped-cropped-beaute-removebg-preview.png\",\"contentUrl\":\"https:\/\/chambre-amoureux.com\/wp-content\/uploads\/2025\/10\/cropped-cropped-beaute-removebg-preview.png\",\"width\":343,\"height\":318,\"caption\":\"Chambre Amoureux\"},\"image\":{\"@id\":\"https:\/\/chambre-amoureux.com\/#\/schema\/logo\/image\/\"}}]}<\/script>\n<!-- \/ Yoast SEO plugin. -->","yoast_head_json":{"title":"Chambres d'amoureux dans en Ile de France -","robots":{"index":"index","follow":"follow","max-snippet":"max-snippet:-1","max-image-preview":"max-image-preview:large","max-video-preview":"max-video-preview:-1"},"canonical":"https:\/\/chambre-amoureux.com\/chambres-damoureux-dans-en-ile-de-france\/","og_locale":"fr_FR","og_type":"article","og_title":"Chambres d'amoureux dans en Ile de France -","og_description":"Chambre amoureux s&rsquo;est associ\u00e9 au site lovechambre.com pour une meilleure information, \u00e0 tout de suite sur lovechambre LOVE ROOMS En [&hellip;]","og_url":"https:\/\/chambre-amoureux.com\/chambres-damoureux-dans-en-ile-de-france\/","og_image":[{"width":1199,"height":900,"url":"https:\/\/chambre-amoureux.com\/wp-content\/uploads\/2024\/03\/TamarInn-10.jpg","type":"image\/jpeg"}],"twitter_card":"summary_large_image","twitter_misc":{"Dur\u00e9e de lecture estim\u00e9e":"4 minutes"},"schema":{"@context":"https:\/\/schema.org","@graph":[{"@type":"WebPage","@id":"https:\/\/chambre-amoureux.com\/chambres-damoureux-dans-en-ile-de-france\/","url":"https:\/\/chambre-amoureux.com\/chambres-damoureux-dans-en-ile-de-france\/","name":"Chambres d'amoureux dans en Ile de France -","isPartOf":{"@id":"https:\/\/chambre-amoureux.com\/#website"},"primaryImageOfPage":{"@id":"https:\/\/chambre-amoureux.com\/chambres-damoureux-dans-en-ile-de-france\/#primaryimage"},"image":{"@id":"https:\/\/chambre-amoureux.com\/chambres-damoureux-dans-en-ile-de-france\/#primaryimage"},"thumbnailUrl":"https:\/\/attardemo.files.wordpress.com\/2022\/02\/pexels-karolina-grabowska-4041392.jpg","datePublished":"2024-05-13T15:19:13+00:00","breadcrumb":{"@id":"https:\/\/chambre-amoureux.com\/chambres-damoureux-dans-en-ile-de-france\/#breadcrumb"},"inLanguage":"fr-FR","potentialAction":[{"@type":"ReadAction","target":["https:\/\/chambre-amoureux.com\/chambres-damoureux-dans-en-ile-de-france\/"]}]},{"@type":"ImageObject","inLanguage":"fr-FR","@id":"https:\/\/chambre-amoureux.com\/chambres-damoureux-dans-en-ile-de-france\/#primaryimage","url":"https:\/\/attardemo.files.wordpress.com\/2022\/02\/pexels-karolina-grabowska-4041392.jpg","contentUrl":"https:\/\/attardemo.files.wordpress.com\/2022\/02\/pexels-karolina-grabowska-4041392.jpg"},{"@type":"BreadcrumbList","@id":"https:\/\/chambre-amoureux.com\/chambres-damoureux-dans-en-ile-de-france\/#breadcrumb","itemListElement":[{"@type":"ListItem","position":1,"name":"Home","item":"https:\/\/chambre-amoureux.com\/"},{"@type":"ListItem","position":2,"name":"Chambres d&rsquo;amoureux dans en Ile de France"}]},{"@type":"WebSite","@id":"https:\/\/chambre-amoureux.com\/#website","url":"https:\/\/chambre-amoureux.com\/","name":"Chambre Amoureux","description":"Tout pour votre chambre d&#039;amour","publisher":{"@id":"https:\/\/chambre-amoureux.com\/#organization"},"potentialAction":[{"@type":"SearchAction","target":{"@type":"EntryPoint","urlTemplate":"https:\/\/chambre-amoureux.com\/?s={search_term_string}"},"query-input":{"@type":"PropertyValueSpecification","valueRequired":true,"valueName":"search_term_string"}}],"inLanguage":"fr-FR"},{"@type":"Organization","@id":"https:\/\/chambre-amoureux.com\/#organization","name":"Chambre Amoureux","url":"https:\/\/chambre-amoureux.com\/","logo":{"@type":"ImageObject","inLanguage":"fr-FR","@id":"https:\/\/chambre-amoureux.com\/#\/schema\/logo\/image\/","url":"https:\/\/chambre-amoureux.com\/wp-content\/uploads\/2025\/10\/cropped-cropped-beaute-removebg-preview.png","contentUrl":"https:\/\/chambre-amoureux.com\/wp-content\/uploads\/2025\/10\/cropped-cropped-beaute-removebg-preview.png","width":343,"height":318,"caption":"Chambre Amoureux"},"image":{"@id":"https:\/\/chambre-amoureux.com\/#\/schema\/logo\/image\/"}}]}},"_links":{"self":[{"href":"https:\/\/chambre-amoureux.com\/index.php\/wp-json\/wp\/v2\/pages\/29","targetHints":{"allow":["GET"]}}],"collection":[{"href":"https:\/\/chambre-amoureux.com\/index.php\/wp-json\/wp\/v2\/pages"}],"about":[{"href":"https:\/\/chambre-amoureux.com\/index.php\/wp-json\/wp\/v2\/types\/page"}],"author":[{"embeddable":true,"href":"https:\/\/chambre-amoureux.com\/index.php\/wp-json\/wp\/v2\/users\/1"}],"replies":[{"embeddable":true,"href":"https:\/\/chambre-amoureux.com\/index.php\/wp-json\/wp\/v2\/comments?post=29"}],"version-history":[{"count":1,"href":"https:\/\/chambre-amoureux.com\/index.php\/wp-json\/wp\/v2\/pages\/29\/revisions"}],"predecessor-version":[{"id":31,"href":"https:\/\/chambre-amoureux.com\/index.php\/wp-json\/wp\/v2\/pages\/29\/revisions\/31"}],"wp:attachment":[{"href":"https:\/\/chambre-amoureux.com\/index.php\/wp-json\/wp\/v2\/media?parent=29"}],"curies":[{"name":"wp","href":"https:\/\/api.w.org\/{rel}","templated":true}]}}